{"id":8348,"date":"2023-03-14T12:05:51","date_gmt":"2023-03-14T16:05:51","guid":{"rendered":"https:\/\/saschanadeau.art\/?post_type=product&#038;p=8348"},"modified":"2023-03-14T12:20:06","modified_gmt":"2023-03-14T16:20:06","slug":"je-men-fish","status":"publish","type":"product","link":"https:\/\/saschanadeau.art\/en\/product\/je-men-fish\/","title":{"rendered":"Je m&rsquo;en fish"},"content":{"rendered":"<p>Description du produit<\/p>","protected":false},"excerpt":{"rendered":"<p>Description du produit<\/p>","protected":false},"featured_media":0,"comment_status":"closed","ping_status":"closed","template":"","meta":[],"product_cat":[54],"product_tag":[],"yoast_head":"<!-- This site is optimized with the Yoast SEO plugin v20.5 - https:\/\/yoast.com\/wordpress\/plugins\/seo\/ -->\n<title>Je m&#039;en fish - Sascha Nadeau<\/title>\n<meta name=\"robots\" content=\"index, follow, max-snippet:-1, max-image-preview:large, max-video-preview:-1\" \/>\n<link rel=\"canonical\" href=\"https:\/\/saschanadeau.art\/en\/product\/je-men-fish\/\" \/>\n<meta property=\"og:locale\" content=\"en_US\" \/>\n<meta property=\"og:type\" content=\"article\" \/>\n<meta property=\"og:title\" content=\"Je m&#039;en fish - Sascha Nadeau\" \/>\n<meta property=\"og:description\" content=\"Description du produit\" \/>\n<meta property=\"og:url\" content=\"https:\/\/saschanadeau.art\/en\/product\/je-men-fish\/\" \/>\n<meta property=\"og:site_name\" content=\"Sascha Nadeau\" \/>\n<meta property=\"article:publisher\" content=\"https:\/\/www.facebook.com\/saschanadeau.art\" \/>\n<meta property=\"article:modified_time\" content=\"2023-03-14T16:20:06+00:00\" \/>\n<meta name=\"twitter:card\" content=\"summary_large_image\" \/>\n<script type=\"application\/ld+json\" class=\"yoast-schema-graph\">{\"@context\":\"https:\/\/schema.org\",\"@graph\":[{\"@type\":\"WebPage\",\"@id\":\"https:\/\/saschanadeau.art\/product\/je-men-fish\/\",\"url\":\"https:\/\/saschanadeau.art\/product\/je-men-fish\/\",\"name\":\"Je m'en fish - Sascha Nadeau\",\"isPartOf\":{\"@id\":\"https:\/\/saschanadeau.art\/#website\"},\"datePublished\":\"2023-03-14T16:05:51+00:00\",\"dateModified\":\"2023-03-14T16:20:06+00:00\",\"breadcrumb\":{\"@id\":\"https:\/\/saschanadeau.art\/product\/je-men-fish\/#breadcrumb\"},\"inLanguage\":\"en-CA\",\"potentialAction\":[{\"@type\":\"ReadAction\",\"target\":[\"https:\/\/saschanadeau.art\/product\/je-men-fish\/\"]}]},{\"@type\":\"BreadcrumbList\",\"@id\":\"https:\/\/saschanadeau.art\/product\/je-men-fish\/#breadcrumb\",\"itemListElement\":[{\"@type\":\"ListItem\",\"position\":1,\"name\":\"Accueil\",\"item\":\"https:\/\/saschanadeau.art\/\"},{\"@type\":\"ListItem\",\"position\":2,\"name\":\"Boutique\",\"item\":\"https:\/\/saschanadeau.art\/boutique\/\"},{\"@type\":\"ListItem\",\"position\":3,\"name\":\"Je m&rsquo;en fish\"}]},{\"@type\":\"WebSite\",\"@id\":\"https:\/\/saschanadeau.art\/#website\",\"url\":\"https:\/\/saschanadeau.art\/\",\"name\":\"Sascha Nadeau - Artiste peintre qu\u00e9b\u00e9coise des Laurentides\",\"description\":\"Artiste-peintre qu\u00e9b\u00e9coise des Laurentides\",\"publisher\":{\"@id\":\"https:\/\/saschanadeau.art\/#organization\"},\"potentialAction\":[{\"@type\":\"SearchAction\",\"target\":{\"@type\":\"EntryPoint\",\"urlTemplate\":\"https:\/\/saschanadeau.art\/?s={search_term_string}\"},\"query-input\":\"required name=search_term_string\"}],\"inLanguage\":\"en-CA\"},{\"@type\":\"Organization\",\"@id\":\"https:\/\/saschanadeau.art\/#organization\",\"name\":\"Sascha Nadeau - Artiste-peintre\",\"url\":\"https:\/\/saschanadeau.art\/\",\"logo\":{\"@type\":\"ImageObject\",\"inLanguage\":\"en-CA\",\"@id\":\"https:\/\/saschanadeau.art\/#\/schema\/logo\/image\/\",\"url\":\"https:\/\/saschanadeau.art\/wp-content\/uploads\/2021\/03\/logo_noir_sascha_nadeau_artiste_peintre_quebec_canada.png\",\"contentUrl\":\"https:\/\/saschanadeau.art\/wp-content\/uploads\/2021\/03\/logo_noir_sascha_nadeau_artiste_peintre_quebec_canada.png\",\"width\":800,\"height\":276,\"caption\":\"Sascha Nadeau - Artiste-peintre\"},\"image\":{\"@id\":\"https:\/\/saschanadeau.art\/#\/schema\/logo\/image\/\"},\"sameAs\":[\"https:\/\/www.facebook.com\/saschanadeau.art\",\"https:\/\/www.instagram.com\/saschanadeau.art\/\",\"https:\/\/www.tiktok.com\/@saschanadeau.art\",\"https:\/\/www.youtube.com\/channel\/UC810aYoQUD_D84xO8RU4mUQ\"]}]}<\/script>\n<!-- \/ Yoast SEO plugin. -->","yoast_head_json":{"title":"Je m'en fish - Sascha Nadeau","robots":{"index":"index","follow":"follow","max-snippet":"max-snippet:-1","max-image-preview":"max-image-preview:large","max-video-preview":"max-video-preview:-1"},"canonical":"https:\/\/saschanadeau.art\/en\/product\/je-men-fish\/","og_locale":"en_US","og_type":"article","og_title":"Je m'en fish - Sascha Nadeau","og_description":"Description du produit","og_url":"https:\/\/saschanadeau.art\/en\/product\/je-men-fish\/","og_site_name":"Sascha Nadeau","article_publisher":"https:\/\/www.facebook.com\/saschanadeau.art","article_modified_time":"2023-03-14T16:20:06+00:00","twitter_card":"summary_large_image","schema":{"@context":"https:\/\/schema.org","@graph":[{"@type":"WebPage","@id":"https:\/\/saschanadeau.art\/product\/je-men-fish\/","url":"https:\/\/saschanadeau.art\/product\/je-men-fish\/","name":"Je m'en fish - Sascha Nadeau","isPartOf":{"@id":"https:\/\/saschanadeau.art\/#website"},"datePublished":"2023-03-14T16:05:51+00:00","dateModified":"2023-03-14T16:20:06+00:00","breadcrumb":{"@id":"https:\/\/saschanadeau.art\/product\/je-men-fish\/#breadcrumb"},"inLanguage":"en-CA","potentialAction":[{"@type":"ReadAction","target":["https:\/\/saschanadeau.art\/product\/je-men-fish\/"]}]},{"@type":"BreadcrumbList","@id":"https:\/\/saschanadeau.art\/product\/je-men-fish\/#breadcrumb","itemListElement":[{"@type":"ListItem","position":1,"name":"Accueil","item":"https:\/\/saschanadeau.art\/"},{"@type":"ListItem","position":2,"name":"Boutique","item":"https:\/\/saschanadeau.art\/boutique\/"},{"@type":"ListItem","position":3,"name":"Je m&rsquo;en fish"}]},{"@type":"WebSite","@id":"https:\/\/saschanadeau.art\/#website","url":"https:\/\/saschanadeau.art\/","name":"Sascha Nadeau - Artiste peintre qu\u00e9b\u00e9coise des Laurentides","description":"Artiste-peintre qu\u00e9b\u00e9coise des Laurentides","publisher":{"@id":"https:\/\/saschanadeau.art\/#organization"},"potentialAction":[{"@type":"SearchAction","target":{"@type":"EntryPoint","urlTemplate":"https:\/\/saschanadeau.art\/?s={search_term_string}"},"query-input":"required name=search_term_string"}],"inLanguage":"en-CA"},{"@type":"Organization","@id":"https:\/\/saschanadeau.art\/#organization","name":"Sascha Nadeau - Artiste-peintre","url":"https:\/\/saschanadeau.art\/","logo":{"@type":"ImageObject","inLanguage":"en-CA","@id":"https:\/\/saschanadeau.art\/#\/schema\/logo\/image\/","url":"https:\/\/saschanadeau.art\/wp-content\/uploads\/2021\/03\/logo_noir_sascha_nadeau_artiste_peintre_quebec_canada.png","contentUrl":"https:\/\/saschanadeau.art\/wp-content\/uploads\/2021\/03\/logo_noir_sascha_nadeau_artiste_peintre_quebec_canada.png","width":800,"height":276,"caption":"Sascha Nadeau - Artiste-peintre"},"image":{"@id":"https:\/\/saschanadeau.art\/#\/schema\/logo\/image\/"},"sameAs":["https:\/\/www.facebook.com\/saschanadeau.art","https:\/\/www.instagram.com\/saschanadeau.art\/","https:\/\/www.tiktok.com\/@saschanadeau.art","https:\/\/www.youtube.com\/channel\/UC810aYoQUD_D84xO8RU4mUQ"]}]}},"_links":{"self":[{"href":"https:\/\/saschanadeau.art\/en\/wp-json\/wp\/v3\/product\/8348"}],"collection":[{"href":"https:\/\/saschanadeau.art\/en\/wp-json\/wp\/v3\/product"}],"about":[{"href":"https:\/\/saschanadeau.art\/en\/wp-json\/wp\/v2\/types\/product"}],"replies":[{"embeddable":true,"href":"https:\/\/saschanadeau.art\/en\/wp-json\/wp\/v2\/comments?post=8348"}],"version-history":[{"count":0,"href":"https:\/\/saschanadeau.art\/en\/wp-json\/wp\/v3\/product\/8348\/revisions"}],"wp:attachment":[{"href":"https:\/\/saschanadeau.art\/en\/wp-json\/wp\/v2\/media?parent=8348"}],"wp:term":[{"taxonomy":"product_cat","embeddable":true,"href":"https:\/\/saschanadeau.art\/en\/wp-json\/wp\/v2\/product_cat?post=8348"},{"taxonomy":"product_tag","embeddable":true,"href":"https:\/\/saschanadeau.art\/en\/wp-json\/wp\/v2\/product_tag?post=8348"}],"curies":[{"name":"wp","href":"https:\/\/api.w.org\/{rel}","templated":true}]}}