{"id":7958,"date":"2023-03-13T18:19:34","date_gmt":"2023-03-13T22:19:34","guid":{"rendered":"https:\/\/saschanadeau.art\/?page_id=7958"},"modified":"2023-03-29T17:38:39","modified_gmt":"2023-03-29T21:38:39","slug":"portfolio","status":"publish","type":"page","link":"https:\/\/saschanadeau.art\/en\/portfolio\/","title":{"rendered":"Portfolio"},"content":{"rendered":"<div data-elementor-type=\"wp-page\" data-elementor-id=\"7958\" class=\"elementor elementor-7958\">\n\t\t\t\t\t\t<div class=\"elementor-inner\">\n\t\t\t\t<div class=\"elementor-section-wrap\">\n\t\t\t\t\t\t\t\t\t<section class=\"elementor-section elementor-top-section elementor-element elementor-element-a7cfbe9 elementor-section-full_width elementor-section-height-default elementor-section-height-default\" data-id=\"a7cfbe9\" data-element_type=\"section\" data-settings=\"{&quot;background_background&quot;:&quot;classic&quot;}\">\n\t\t\t\t\t\t<div class=\"elementor-container elementor-column-gap-default\">\n\t\t\t\t\t\t\t<div class=\"elementor-row\">\n\t\t\t\t\t<div class=\"elementor-column elementor-col-100 elementor-top-column elementor-element elementor-element-3357950\" data-id=\"3357950\" data-element_type=\"column\">\n\t\t\t<div class=\"elementor-column-wrap elementor-element-populated\">\n\t\t\t\t\t\t\t<div class=\"elementor-widget-wrap\">\n\t\t\t\t\t\t<div class=\"elementor-element elementor-element-5b39550 elementor-grid-4 elementor-grid-mobile-2 elementor-grid-tablet-2 elementor-posts--thumbnail-top elementor-widget elementor-widget-posts\" data-id=\"5b39550\" data-element_type=\"widget\" data-settings=\"{&quot;classic_columns&quot;:&quot;4&quot;,&quot;classic_columns_mobile&quot;:&quot;2&quot;,&quot;classic_masonry&quot;:&quot;yes&quot;,&quot;classic_row_gap&quot;:{&quot;unit&quot;:&quot;px&quot;,&quot;size&quot;:10,&quot;sizes&quot;:[]},&quot;pagination_type&quot;:&quot;load_more_infinite_scroll&quot;,&quot;classic_columns_tablet&quot;:&quot;2&quot;,&quot;classic_row_gap_tablet&quot;:{&quot;unit&quot;:&quot;px&quot;,&quot;size&quot;:&quot;&quot;,&quot;sizes&quot;:[]},&quot;classic_row_gap_mobile&quot;:{&quot;unit&quot;:&quot;px&quot;,&quot;size&quot;:&quot;&quot;,&quot;sizes&quot;:[]},&quot;load_more_spinner&quot;:{&quot;value&quot;:&quot;fas fa-spinner&quot;,&quot;library&quot;:&quot;fa-solid&quot;}}\" data-widget_type=\"posts.classic\">\n\t\t\t\t<div class=\"elementor-widget-container\">\n\t\t\t\t\t<div class=\"elementor-posts-container elementor-posts elementor-posts--skin-classic elementor-grid\">\n\t\t\t\t<article class=\"elementor-post elementor-grid-item post-8579 post type-post status-publish format-standard has-post-thumbnail hentry category-aquarelles\">\n\t\t\t\t<a class=\"elementor-post__thumbnail__link\" href=\"https:\/\/saschanadeau.art\/en\/small-fish\/\" >\n\t\t\t<div class=\"elementor-post__thumbnail\"><img decoding=\"async\" width=\"298\" height=\"300\" src=\"https:\/\/saschanadeau.art\/wp-content\/uploads\/2023\/03\/sascha_nadeau_artiste_aquarelle_small_fish-298x300.jpg\" class=\"attachment-medium size-medium wp-image-8512\" alt=\"Oeuvre aquarelle de l&#039;artiste peintre Sascha Nadeau - Small Fish\" loading=\"lazy\" srcset=\"https:\/\/saschanadeau.art\/wp-content\/uploads\/2023\/03\/sascha_nadeau_artiste_aquarelle_small_fish-298x300.jpg 298w, https:\/\/saschanadeau.art\/wp-content\/uploads\/2023\/03\/sascha_nadeau_artiste_aquarelle_small_fish-150x150.jpg 150w, https:\/\/saschanadeau.art\/wp-content\/uploads\/2023\/03\/sascha_nadeau_artiste_aquarelle_small_fish-768x773.jpg 768w, https:\/\/saschanadeau.art\/wp-content\/uploads\/2023\/03\/sascha_nadeau_artiste_aquarelle_small_fish-600x604.jpg 600w, https:\/\/saschanadeau.art\/wp-content\/uploads\/2023\/03\/sascha_nadeau_artiste_aquarelle_small_fish-100x100.jpg 100w, https:\/\/saschanadeau.art\/wp-content\/uploads\/2023\/03\/sascha_nadeau_artiste_aquarelle_small_fish.jpg 800w\" sizes=\"(max-width: 298px) 100vw, 298px\" \/><\/div>\n\t\t<\/a>\n\t\t\t\t<div class=\"elementor-post__text\">\n\t\t\t\t<\/div>\n\t\t\t\t<\/article>\n\t\t\t\t<article class=\"elementor-post elementor-grid-item post-8934 post type-post status-publish format-standard has-post-thumbnail hentry category-aquarelles\">\n\t\t\t\t<a class=\"elementor-post__thumbnail__link\" href=\"https:\/\/saschanadeau.art\/en\/shroom-3\/\" >\n\t\t\t<div class=\"elementor-post__thumbnail\"><img decoding=\"async\" width=\"298\" height=\"300\" src=\"https:\/\/saschanadeau.art\/wp-content\/uploads\/2023\/03\/sascha_nadeau_artiste_aquarelle_shroom3-298x300.jpg\" class=\"attachment-medium size-medium wp-image-8511\" alt=\"Oeuvre en aquarelle de l&#039;artiste peintre Sascha Nadeau - Shroom 3\" loading=\"lazy\" srcset=\"https:\/\/saschanadeau.art\/wp-content\/uploads\/2023\/03\/sascha_nadeau_artiste_aquarelle_shroom3-298x300.jpg 298w, https:\/\/saschanadeau.art\/wp-content\/uploads\/2023\/03\/sascha_nadeau_artiste_aquarelle_shroom3-150x150.jpg 150w, https:\/\/saschanadeau.art\/wp-content\/uploads\/2023\/03\/sascha_nadeau_artiste_aquarelle_shroom3-768x773.jpg 768w, https:\/\/saschanadeau.art\/wp-content\/uploads\/2023\/03\/sascha_nadeau_artiste_aquarelle_shroom3-600x604.jpg 600w, https:\/\/saschanadeau.art\/wp-content\/uploads\/2023\/03\/sascha_nadeau_artiste_aquarelle_shroom3-100x100.jpg 100w, https:\/\/saschanadeau.art\/wp-content\/uploads\/2023\/03\/sascha_nadeau_artiste_aquarelle_shroom3.jpg 800w\" sizes=\"(max-width: 298px) 100vw, 298px\" \/><\/div>\n\t\t<\/a>\n\t\t\t\t<div class=\"elementor-post__text\">\n\t\t\t\t<\/div>\n\t\t\t\t<\/article>\n\t\t\t\t<article class=\"elementor-post elementor-grid-item post-8926 post type-post status-publish format-standard has-post-thumbnail hentry category-aquarelles\">\n\t\t\t\t<a class=\"elementor-post__thumbnail__link\" href=\"https:\/\/saschanadeau.art\/en\/elementor-8926\/\" >\n\t\t\t<div class=\"elementor-post__thumbnail\"><img decoding=\"async\" width=\"298\" height=\"300\" src=\"https:\/\/saschanadeau.art\/wp-content\/uploads\/2023\/03\/sascha_nadeau_artiste_aquarelle_shroom2-298x300.jpg\" class=\"attachment-medium size-medium wp-image-8510\" alt=\"Oeuvreen aquarelle de l&#039;artiste-peintre Sascha Nadeau - Shroom 2\" loading=\"lazy\" srcset=\"https:\/\/saschanadeau.art\/wp-content\/uploads\/2023\/03\/sascha_nadeau_artiste_aquarelle_shroom2-298x300.jpg 298w, https:\/\/saschanadeau.art\/wp-content\/uploads\/2023\/03\/sascha_nadeau_artiste_aquarelle_shroom2-150x150.jpg 150w, https:\/\/saschanadeau.art\/wp-content\/uploads\/2023\/03\/sascha_nadeau_artiste_aquarelle_shroom2-768x773.jpg 768w, https:\/\/saschanadeau.art\/wp-content\/uploads\/2023\/03\/sascha_nadeau_artiste_aquarelle_shroom2-600x604.jpg 600w, https:\/\/saschanadeau.art\/wp-content\/uploads\/2023\/03\/sascha_nadeau_artiste_aquarelle_shroom2-100x100.jpg 100w, https:\/\/saschanadeau.art\/wp-content\/uploads\/2023\/03\/sascha_nadeau_artiste_aquarelle_shroom2.jpg 800w\" sizes=\"(max-width: 298px) 100vw, 298px\" \/><\/div>\n\t\t<\/a>\n\t\t\t\t<div class=\"elementor-post__text\">\n\t\t\t\t<\/div>\n\t\t\t\t<\/article>\n\t\t\t\t<article class=\"elementor-post elementor-grid-item post-8628 post type-post status-publish format-standard has-post-thumbnail hentry category-aquarelles\">\n\t\t\t\t<a class=\"elementor-post__thumbnail__link\" href=\"https:\/\/saschanadeau.art\/en\/shroom\/\" >\n\t\t\t<div class=\"elementor-post__thumbnail\"><img decoding=\"async\" width=\"298\" height=\"300\" src=\"https:\/\/saschanadeau.art\/wp-content\/uploads\/2023\/03\/sascha_nadeau_artiste_aquarelle_shroom-298x300.jpg\" class=\"attachment-medium size-medium wp-image-8509\" alt=\"Oeuvre en aquarelle de l&#039;artiste-peintre Sascha Nadeau - Shroom 1\" loading=\"lazy\" srcset=\"https:\/\/saschanadeau.art\/wp-content\/uploads\/2023\/03\/sascha_nadeau_artiste_aquarelle_shroom-298x300.jpg 298w, https:\/\/saschanadeau.art\/wp-content\/uploads\/2023\/03\/sascha_nadeau_artiste_aquarelle_shroom-150x150.jpg 150w, https:\/\/saschanadeau.art\/wp-content\/uploads\/2023\/03\/sascha_nadeau_artiste_aquarelle_shroom-768x773.jpg 768w, https:\/\/saschanadeau.art\/wp-content\/uploads\/2023\/03\/sascha_nadeau_artiste_aquarelle_shroom-600x604.jpg 600w, https:\/\/saschanadeau.art\/wp-content\/uploads\/2023\/03\/sascha_nadeau_artiste_aquarelle_shroom-100x100.jpg 100w, https:\/\/saschanadeau.art\/wp-content\/uploads\/2023\/03\/sascha_nadeau_artiste_aquarelle_shroom.jpg 800w\" sizes=\"(max-width: 298px) 100vw, 298px\" \/><\/div>\n\t\t<\/a>\n\t\t\t\t<div class=\"elementor-post__text\">\n\t\t\t\t<\/div>\n\t\t\t\t<\/article>\n\t\t\t\t<article class=\"elementor-post elementor-grid-item post-8939 post type-post status-publish format-standard has-post-thumbnail hentry category-aquarelles\">\n\t\t\t\t<a class=\"elementor-post__thumbnail__link\" href=\"https:\/\/saschanadeau.art\/en\/magnolia\/\" >\n\t\t\t<div class=\"elementor-post__thumbnail\"><img decoding=\"async\" width=\"298\" height=\"300\" src=\"https:\/\/saschanadeau.art\/wp-content\/uploads\/2023\/03\/sascha_nadeau_artiste_aquarelle_magnolia-298x300.jpg\" class=\"attachment-medium size-medium wp-image-8507\" alt=\"Oeuvre en aquarelle de l&#039;artiste-peintre Sascha Nadeau - Magnolia\" loading=\"lazy\" srcset=\"https:\/\/saschanadeau.art\/wp-content\/uploads\/2023\/03\/sascha_nadeau_artiste_aquarelle_magnolia-298x300.jpg 298w, https:\/\/saschanadeau.art\/wp-content\/uploads\/2023\/03\/sascha_nadeau_artiste_aquarelle_magnolia-150x150.jpg 150w, https:\/\/saschanadeau.art\/wp-content\/uploads\/2023\/03\/sascha_nadeau_artiste_aquarelle_magnolia-768x773.jpg 768w, https:\/\/saschanadeau.art\/wp-content\/uploads\/2023\/03\/sascha_nadeau_artiste_aquarelle_magnolia-600x604.jpg 600w, https:\/\/saschanadeau.art\/wp-content\/uploads\/2023\/03\/sascha_nadeau_artiste_aquarelle_magnolia-100x100.jpg 100w, https:\/\/saschanadeau.art\/wp-content\/uploads\/2023\/03\/sascha_nadeau_artiste_aquarelle_magnolia.jpg 800w\" sizes=\"(max-width: 298px) 100vw, 298px\" \/><\/div>\n\t\t<\/a>\n\t\t\t\t<div class=\"elementor-post__text\">\n\t\t\t\t<\/div>\n\t\t\t\t<\/article>\n\t\t\t\t<article class=\"elementor-post elementor-grid-item post-8574 post type-post status-publish format-standard has-post-thumbnail hentry category-acrylique\">\n\t\t\t\t<a class=\"elementor-post__thumbnail__link\" href=\"https:\/\/saschanadeau.art\/en\/life-goes-on\/\" >\n\t\t\t<div class=\"elementor-post__thumbnail\"><img decoding=\"async\" width=\"300\" height=\"227\" src=\"https:\/\/saschanadeau.art\/wp-content\/uploads\/2023\/03\/sascha_nadeau_artiste_acrylique_lifegoeson-300x227.jpg\" class=\"attachment-medium size-medium wp-image-8493\" alt=\"Oeuvre en acrylique de l&#039;artiste-peintre Sascha Nadeau - Life Goes On\" loading=\"lazy\" srcset=\"https:\/\/saschanadeau.art\/wp-content\/uploads\/2023\/03\/sascha_nadeau_artiste_acrylique_lifegoeson-300x227.jpg 300w, https:\/\/saschanadeau.art\/wp-content\/uploads\/2023\/03\/sascha_nadeau_artiste_acrylique_lifegoeson-768x581.jpg 768w, https:\/\/saschanadeau.art\/wp-content\/uploads\/2023\/03\/sascha_nadeau_artiste_acrylique_lifegoeson-600x454.jpg 600w, https:\/\/saschanadeau.art\/wp-content\/uploads\/2023\/03\/sascha_nadeau_artiste_acrylique_lifegoeson.jpg 1000w\" sizes=\"(max-width: 300px) 100vw, 300px\" \/><\/div>\n\t\t<\/a>\n\t\t\t\t<div class=\"elementor-post__text\">\n\t\t\t\t<\/div>\n\t\t\t\t<\/article>\n\t\t\t\t<article class=\"elementor-post elementor-grid-item post-8526 post type-post status-publish format-standard has-post-thumbnail hentry category-acrylique\">\n\t\t\t\t<a class=\"elementor-post__thumbnail__link\" href=\"https:\/\/saschanadeau.art\/en\/lana\/\" >\n\t\t\t<div class=\"elementor-post__thumbnail\"><img decoding=\"async\" width=\"300\" height=\"235\" src=\"https:\/\/saschanadeau.art\/wp-content\/uploads\/2023\/03\/sascha_nadeau_artiste_acrylique_lana-300x235.jpg\" class=\"attachment-medium size-medium wp-image-8497\" alt=\"Oeuvre en acrylique de l&#039;artiste-peintre Sascha Nadeau - Lana\" loading=\"lazy\" srcset=\"https:\/\/saschanadeau.art\/wp-content\/uploads\/2023\/03\/sascha_nadeau_artiste_acrylique_lana-300x235.jpg 300w, https:\/\/saschanadeau.art\/wp-content\/uploads\/2023\/03\/sascha_nadeau_artiste_acrylique_lana-768x601.jpg 768w, https:\/\/saschanadeau.art\/wp-content\/uploads\/2023\/03\/sascha_nadeau_artiste_acrylique_lana-600x469.jpg 600w, https:\/\/saschanadeau.art\/wp-content\/uploads\/2023\/03\/sascha_nadeau_artiste_acrylique_lana.jpg 1000w\" sizes=\"(max-width: 300px) 100vw, 300px\" \/><\/div>\n\t\t<\/a>\n\t\t\t\t<div class=\"elementor-post__text\">\n\t\t\t\t<\/div>\n\t\t\t\t<\/article>\n\t\t\t\t<article class=\"elementor-post elementor-grid-item post-8560 post type-post status-publish format-standard has-post-thumbnail hentry category-acrylique category-techniques-mixtes\">\n\t\t\t\t<a class=\"elementor-post__thumbnail__link\" href=\"https:\/\/saschanadeau.art\/en\/jmen-fish\/\" >\n\t\t\t<div class=\"elementor-post__thumbnail\"><img decoding=\"async\" width=\"300\" height=\"148\" src=\"https:\/\/saschanadeau.art\/wp-content\/uploads\/2023\/03\/sascha_nadeau_artiste_acrylique_jmenfish-300x148.jpg\" class=\"attachment-medium size-medium wp-image-8495\" alt=\"Oeuvre en acrylique de l&#039;artiste-peintre Sascha Nadeau - J&#039;m&#039;en fish\" loading=\"lazy\" srcset=\"https:\/\/saschanadeau.art\/wp-content\/uploads\/2023\/03\/sascha_nadeau_artiste_acrylique_jmenfish-300x148.jpg 300w, https:\/\/saschanadeau.art\/wp-content\/uploads\/2023\/03\/sascha_nadeau_artiste_acrylique_jmenfish-768x378.jpg 768w, https:\/\/saschanadeau.art\/wp-content\/uploads\/2023\/03\/sascha_nadeau_artiste_acrylique_jmenfish-600x295.jpg 600w, https:\/\/saschanadeau.art\/wp-content\/uploads\/2023\/03\/sascha_nadeau_artiste_acrylique_jmenfish.jpg 1000w\" sizes=\"(max-width: 300px) 100vw, 300px\" \/><\/div>\n\t\t<\/a>\n\t\t\t\t<div class=\"elementor-post__text\">\n\t\t\t\t<\/div>\n\t\t\t\t<\/article>\n\t\t\t\t<\/div>\n\t\t\t\t\t<span class=\"e-load-more-spinner\">\n\t\t\t\t<i aria-hidden=\"true\" class=\"fas fa-spinner\"><\/i>\t\t\t<\/span>\n\t\t\n\t\t\t\t<div class=\"e-load-more-anchor\" data-page=\"1\" data-max-page=\"2\" data-next-page=\"https:\/\/saschanadeau.art\/en\/wp-json\/wp\/v2\/pages\/7958\/page\/2\/\"><\/div>\n\t\t\t\t<div class=\"e-load-more-message\">Vous avez tout vu. D&#039;autres oeuvres suivront.<\/div>\n\t\t\t\t<\/div>\n\t\t\t\t<\/div>\n\t\t\t\t\t\t<\/div>\n\t\t\t\t\t<\/div>\n\t\t<\/div>\n\t\t\t\t\t\t\t\t<\/div>\n\t\t\t\t\t<\/div>\n\t\t<\/section>\n\t\t\t\t\t\t\t\t\t<\/div>\n\t\t\t<\/div>\n\t\t\t\t\t<\/div>","protected":false},"excerpt":{"rendered":"","protected":false},"author":1,"featured_media":0,"parent":0,"menu_order":0,"comment_status":"closed","ping_status":"closed","template":"","meta":[],"yoast_head":"<!-- This site is optimized with the Yoast SEO plugin v20.5 - https:\/\/yoast.com\/wordpress\/plugins\/seo\/ -->\n<title>Portfolio - Sascha Nadeau<\/title>\n<meta name=\"robots\" content=\"index, follow, max-snippet:-1, max-image-preview:large, max-video-preview:-1\" \/>\n<link rel=\"canonical\" href=\"https:\/\/saschanadeau.art\/en\/portfolio\/\" \/>\n<meta property=\"og:locale\" content=\"en_US\" \/>\n<meta property=\"og:type\" content=\"article\" \/>\n<meta property=\"og:title\" content=\"Portfolio - Sascha Nadeau\" \/>\n<meta property=\"og:url\" content=\"https:\/\/saschanadeau.art\/en\/portfolio\/\" \/>\n<meta property=\"og:site_name\" content=\"Sascha Nadeau\" \/>\n<meta property=\"article:publisher\" content=\"https:\/\/www.facebook.com\/saschanadeau.art\" \/>\n<meta property=\"article:modified_time\" content=\"2023-03-29T21:38:39+00:00\" \/>\n<meta name=\"twitter:card\" content=\"summary_large_image\" \/>\n<script type=\"application\/ld+json\" class=\"yoast-schema-graph\">{\"@context\":\"https:\/\/schema.org\",\"@graph\":[{\"@type\":\"WebPage\",\"@id\":\"https:\/\/saschanadeau.art\/portfolio\/\",\"url\":\"https:\/\/saschanadeau.art\/portfolio\/\",\"name\":\"Portfolio - Sascha Nadeau\",\"isPartOf\":{\"@id\":\"https:\/\/saschanadeau.art\/#website\"},\"datePublished\":\"2023-03-13T22:19:34+00:00\",\"dateModified\":\"2023-03-29T21:38:39+00:00\",\"breadcrumb\":{\"@id\":\"https:\/\/saschanadeau.art\/portfolio\/#breadcrumb\"},\"inLanguage\":\"en-CA\",\"potentialAction\":[{\"@type\":\"ReadAction\",\"target\":[\"https:\/\/saschanadeau.art\/portfolio\/\"]}]},{\"@type\":\"BreadcrumbList\",\"@id\":\"https:\/\/saschanadeau.art\/portfolio\/#breadcrumb\",\"itemListElement\":[{\"@type\":\"ListItem\",\"position\":1,\"name\":\"Accueil\",\"item\":\"https:\/\/saschanadeau.art\/\"},{\"@type\":\"ListItem\",\"position\":2,\"name\":\"Portfolio\"}]},{\"@type\":\"WebSite\",\"@id\":\"https:\/\/saschanadeau.art\/#website\",\"url\":\"https:\/\/saschanadeau.art\/\",\"name\":\"Sascha Nadeau - Artiste peintre qu\u00e9b\u00e9coise des Laurentides\",\"description\":\"Artiste-peintre qu\u00e9b\u00e9coise des Laurentides\",\"publisher\":{\"@id\":\"https:\/\/saschanadeau.art\/#organization\"},\"potentialAction\":[{\"@type\":\"SearchAction\",\"target\":{\"@type\":\"EntryPoint\",\"urlTemplate\":\"https:\/\/saschanadeau.art\/?s={search_term_string}\"},\"query-input\":\"required name=search_term_string\"}],\"inLanguage\":\"en-CA\"},{\"@type\":\"Organization\",\"@id\":\"https:\/\/saschanadeau.art\/#organization\",\"name\":\"Sascha Nadeau - Artiste-peintre\",\"url\":\"https:\/\/saschanadeau.art\/\",\"logo\":{\"@type\":\"ImageObject\",\"inLanguage\":\"en-CA\",\"@id\":\"https:\/\/saschanadeau.art\/#\/schema\/logo\/image\/\",\"url\":\"https:\/\/saschanadeau.art\/wp-content\/uploads\/2021\/03\/logo_noir_sascha_nadeau_artiste_peintre_quebec_canada.png\",\"contentUrl\":\"https:\/\/saschanadeau.art\/wp-content\/uploads\/2021\/03\/logo_noir_sascha_nadeau_artiste_peintre_quebec_canada.png\",\"width\":800,\"height\":276,\"caption\":\"Sascha Nadeau - Artiste-peintre\"},\"image\":{\"@id\":\"https:\/\/saschanadeau.art\/#\/schema\/logo\/image\/\"},\"sameAs\":[\"https:\/\/www.facebook.com\/saschanadeau.art\",\"https:\/\/www.instagram.com\/saschanadeau.art\/\",\"https:\/\/www.tiktok.com\/@saschanadeau.art\",\"https:\/\/www.youtube.com\/channel\/UC810aYoQUD_D84xO8RU4mUQ\"]}]}<\/script>\n<!-- \/ Yoast SEO plugin. -->","yoast_head_json":{"title":"Portfolio - Sascha Nadeau","robots":{"index":"index","follow":"follow","max-snippet":"max-snippet:-1","max-image-preview":"max-image-preview:large","max-video-preview":"max-video-preview:-1"},"canonical":"https:\/\/saschanadeau.art\/en\/portfolio\/","og_locale":"en_US","og_type":"article","og_title":"Portfolio - Sascha Nadeau","og_url":"https:\/\/saschanadeau.art\/en\/portfolio\/","og_site_name":"Sascha Nadeau","article_publisher":"https:\/\/www.facebook.com\/saschanadeau.art","article_modified_time":"2023-03-29T21:38:39+00:00","twitter_card":"summary_large_image","schema":{"@context":"https:\/\/schema.org","@graph":[{"@type":"WebPage","@id":"https:\/\/saschanadeau.art\/portfolio\/","url":"https:\/\/saschanadeau.art\/portfolio\/","name":"Portfolio - Sascha Nadeau","isPartOf":{"@id":"https:\/\/saschanadeau.art\/#website"},"datePublished":"2023-03-13T22:19:34+00:00","dateModified":"2023-03-29T21:38:39+00:00","breadcrumb":{"@id":"https:\/\/saschanadeau.art\/portfolio\/#breadcrumb"},"inLanguage":"en-CA","potentialAction":[{"@type":"ReadAction","target":["https:\/\/saschanadeau.art\/portfolio\/"]}]},{"@type":"BreadcrumbList","@id":"https:\/\/saschanadeau.art\/portfolio\/#breadcrumb","itemListElement":[{"@type":"ListItem","position":1,"name":"Accueil","item":"https:\/\/saschanadeau.art\/"},{"@type":"ListItem","position":2,"name":"Portfolio"}]},{"@type":"WebSite","@id":"https:\/\/saschanadeau.art\/#website","url":"https:\/\/saschanadeau.art\/","name":"Sascha Nadeau - Artiste peintre qu\u00e9b\u00e9coise des Laurentides","description":"Artiste-peintre qu\u00e9b\u00e9coise des Laurentides","publisher":{"@id":"https:\/\/saschanadeau.art\/#organization"},"potentialAction":[{"@type":"SearchAction","target":{"@type":"EntryPoint","urlTemplate":"https:\/\/saschanadeau.art\/?s={search_term_string}"},"query-input":"required name=search_term_string"}],"inLanguage":"en-CA"},{"@type":"Organization","@id":"https:\/\/saschanadeau.art\/#organization","name":"Sascha Nadeau - Artiste-peintre","url":"https:\/\/saschanadeau.art\/","logo":{"@type":"ImageObject","inLanguage":"en-CA","@id":"https:\/\/saschanadeau.art\/#\/schema\/logo\/image\/","url":"https:\/\/saschanadeau.art\/wp-content\/uploads\/2021\/03\/logo_noir_sascha_nadeau_artiste_peintre_quebec_canada.png","contentUrl":"https:\/\/saschanadeau.art\/wp-content\/uploads\/2021\/03\/logo_noir_sascha_nadeau_artiste_peintre_quebec_canada.png","width":800,"height":276,"caption":"Sascha Nadeau - Artiste-peintre"},"image":{"@id":"https:\/\/saschanadeau.art\/#\/schema\/logo\/image\/"},"sameAs":["https:\/\/www.facebook.com\/saschanadeau.art","https:\/\/www.instagram.com\/saschanadeau.art\/","https:\/\/www.tiktok.com\/@saschanadeau.art","https:\/\/www.youtube.com\/channel\/UC810aYoQUD_D84xO8RU4mUQ"]}]}},"_links":{"self":[{"href":"https:\/\/saschanadeau.art\/en\/wp-json\/wp\/v2\/pages\/7958"}],"collection":[{"href":"https:\/\/saschanadeau.art\/en\/wp-json\/wp\/v2\/pages"}],"about":[{"href":"https:\/\/saschanadeau.art\/en\/wp-json\/wp\/v2\/types\/page"}],"author":[{"embeddable":true,"href":"https:\/\/saschanadeau.art\/en\/wp-json\/wp\/v2\/users\/1"}],"replies":[{"embeddable":true,"href":"https:\/\/saschanadeau.art\/en\/wp-json\/wp\/v2\/comments?post=7958"}],"version-history":[{"count":159,"href":"https:\/\/saschanadeau.art\/en\/wp-json\/wp\/v2\/pages\/7958\/revisions"}],"predecessor-version":[{"id":8961,"href":"https:\/\/saschanadeau.art\/en\/wp-json\/wp\/v2\/pages\/7958\/revisions\/8961"}],"wp:attachment":[{"href":"https:\/\/saschanadeau.art\/en\/wp-json\/wp\/v2\/media?parent=7958"}],"curies":[{"name":"wp","href":"https:\/\/api.w.org\/{rel}","templated":true}]}}