{"id":7815,"date":"2023-03-13T09:57:58","date_gmt":"2023-03-13T13:57:58","guid":{"rendered":"https:\/\/saschanadeau.art\/?page_id=7815"},"modified":"2023-03-29T16:18:12","modified_gmt":"2023-03-29T20:18:12","slug":"joindre","status":"publish","type":"page","link":"https:\/\/saschanadeau.art\/en\/joindre\/","title":{"rendered":"Joindre"},"content":{"rendered":"<div data-elementor-type=\"wp-page\" data-elementor-id=\"7815\" class=\"elementor elementor-7815\">\n\t\t\t\t\t\t<div class=\"elementor-inner\">\n\t\t\t\t<div class=\"elementor-section-wrap\">\n\t\t\t\t\t\t\t\t\t<section class=\"elementor-section elementor-top-section elementor-element elementor-element-601aaf7 elementor-section-boxed elementor-section-height-default elementor-section-height-default\" data-id=\"601aaf7\" data-element_type=\"section\">\n\t\t\t\t\t\t<div class=\"elementor-container elementor-column-gap-default\">\n\t\t\t\t\t\t\t<div class=\"elementor-row\">\n\t\t\t\t\t<div class=\"elementor-column elementor-col-50 elementor-top-column elementor-element elementor-element-49bd343\" data-id=\"49bd343\" data-element_type=\"column\">\n\t\t\t<div class=\"elementor-column-wrap elementor-element-populated\">\n\t\t\t\t\t\t\t<div class=\"elementor-widget-wrap\">\n\t\t\t\t\t\t<div class=\"elementor-element elementor-element-3b4fb1d elementor-widget elementor-widget-heading\" data-id=\"3b4fb1d\" data-element_type=\"widget\" data-widget_type=\"heading.default\">\n\t\t\t\t<div class=\"elementor-widget-container\">\n\t\t\t<h2 class=\"elementor-heading-title elementor-size-default\">Allo, j'\u00e9coute!<\/h2>\t\t<\/div>\n\t\t\t\t<\/div>\n\t\t\t\t<div class=\"elementor-element elementor-element-95dd772 elementor-widget elementor-widget-text-editor\" data-id=\"95dd772\" data-element_type=\"widget\" data-widget_type=\"text-editor.default\">\n\t\t\t\t<div class=\"elementor-widget-container\">\n\t\t\t\t\t\t\t\t<div class=\"elementor-text-editor elementor-clearfix\">\n\t\t\t\t<p>Que ce soit pour un simple coucou ou pour engendrer la conversation pour une collaboration, je suis de toute ou\u00efe!<\/p>\t\t\t\t\t<\/div>\n\t\t\t\t\t\t<\/div>\n\t\t\t\t<\/div>\n\t\t\t\t<div class=\"elementor-element elementor-element-7fd95a9 elementor-button-align-center elementor-widget elementor-widget-form\" data-id=\"7fd95a9\" data-element_type=\"widget\" data-settings=\"{&quot;step_next_label&quot;:&quot;Suivant&quot;,&quot;step_previous_label&quot;:&quot;Pr\\u00e9c\\u00e9dent&quot;,&quot;button_width&quot;:&quot;100&quot;,&quot;step_type&quot;:&quot;number_text&quot;,&quot;step_icon_shape&quot;:&quot;circle&quot;}\" data-widget_type=\"form.default\">\n\t\t\t\t<div class=\"elementor-widget-container\">\n\t\t\t\t\t<form class=\"elementor-form\" method=\"post\" name=\"Joindre\" action=\"\">\n\t\t\t<input type=\"hidden\" name=\"post_id\" value=\"7815\"\/>\n\t\t\t<input type=\"hidden\" name=\"form_id\" value=\"7fd95a9\"\/>\n\t\t\t<input type=\"hidden\" name=\"referer_title\" value=\"Sascha Nadeau\" \/>\n\n\t\t\t\n\t\t\t<div class=\"elementor-form-fields-wrapper elementor-labels-\">\n\t\t\t\t\t\t\t\t<div class=\"elementor-field-type-text elementor-field-group elementor-column elementor-field-group-name elementor-col-100\">\n\t\t\t\t\t\t\t\t\t\t\t\t<label for=\"form-field-name\" class=\"elementor-field-label elementor-screen-only\">\n\t\t\t\t\t\t\t\tNom\t\t\t\t\t\t\t<\/label>\n\t\t\t\t\t\t\t\t\t\t\t\t\t\t<input size=\"1\" type=\"text\" name=\"form_fields[name]\" id=\"form-field-name\" class=\"elementor-field elementor-size-sm  elementor-field-textual\" placeholder=\"Nom\">\n\t\t\t\t\t\t\t\t\t\t\t<\/div>\n\t\t\t\t\t\t\t\t<div class=\"elementor-field-type-email elementor-field-group elementor-column elementor-field-group-email elementor-col-100 elementor-field-required\">\n\t\t\t\t\t\t\t\t\t\t\t\t<label for=\"form-field-email\" class=\"elementor-field-label elementor-screen-only\">\n\t\t\t\t\t\t\t\tCourriel\t\t\t\t\t\t\t<\/label>\n\t\t\t\t\t\t\t\t\t\t\t\t\t\t<input size=\"1\" type=\"email\" name=\"form_fields[email]\" id=\"form-field-email\" class=\"elementor-field elementor-size-sm  elementor-field-textual\" placeholder=\"Courriel\" required=\"required\" aria-required=\"true\">\n\t\t\t\t\t\t\t\t\t\t\t<\/div>\n\t\t\t\t\t\t\t\t<div class=\"elementor-field-type-textarea elementor-field-group elementor-column elementor-field-group-message elementor-col-100\">\n\t\t\t\t\t\t\t\t\t\t\t\t<label for=\"form-field-message\" class=\"elementor-field-label elementor-screen-only\">\n\t\t\t\t\t\t\t\tMessage\t\t\t\t\t\t\t<\/label>\n\t\t\t\t\t\t<textarea class=\"elementor-field-textual elementor-field  elementor-size-sm\" name=\"form_fields[message]\" id=\"form-field-message\" rows=\"4\" placeholder=\"Message\"><\/textarea>\t\t\t\t<\/div>\n\t\t\t\t\t\t\t\t<div class=\"elementor-field-group elementor-column elementor-field-type-submit elementor-col-100 e-form__buttons\">\n\t\t\t\t\t<button type=\"submit\" class=\"elementor-button elementor-size-sm\">\n\t\t\t\t\t\t<span >\n\t\t\t\t\t\t\t\t\t\t\t\t\t\t\t<span class=\"elementor-button-icon\">\n\t\t\t\t\t\t\t\t\t\t\t\t\t\t\t\t\t\t\t\t\t\t\t\t\t\t<\/span>\n\t\t\t\t\t\t\t\t\t\t\t\t\t\t\t\t\t\t\t\t\t\t<span class=\"elementor-button-text\">Envoyer<\/span>\n\t\t\t\t\t\t\t\t\t\t\t\t\t<\/span>\n\t\t\t\t\t<\/button>\n\t\t\t\t<\/div>\n\t\t\t<\/div>\n\t\t<input type=\"hidden\" name=\"trp-form-language\" value=\"en\"\/><\/form>\n\t\t\t\t<\/div>\n\t\t\t\t<\/div>\n\t\t\t\t<div class=\"elementor-element elementor-element-31b355e elementor-widget elementor-widget-heading\" data-id=\"31b355e\" data-element_type=\"widget\" data-widget_type=\"heading.default\">\n\t\t\t\t<div class=\"elementor-widget-container\">\n\t\t\t<h2 class=\"elementor-heading-title elementor-size-default\">Venez me dire un coucou ici...<\/h2>\t\t<\/div>\n\t\t\t\t<\/div>\n\t\t\t\t<div class=\"elementor-element elementor-element-b7c8830 elementor-shape-square elementor-grid-0 e-grid-align-center elementor-widget elementor-widget-global elementor-global-8778 elementor-widget-social-icons\" data-id=\"b7c8830\" data-element_type=\"widget\" data-widget_type=\"social-icons.default\">\n\t\t\t\t<div class=\"elementor-widget-container\">\n\t\t\t\t\t<div class=\"elementor-social-icons-wrapper elementor-grid\">\n\t\t\t\t\t\t\t<span class=\"elementor-grid-item\">\n\t\t\t\t\t<a class=\"elementor-icon elementor-social-icon elementor-social-icon-facebook elementor-animation-grow elementor-repeater-item-676c94a\" href=\"https:\/\/www.facebook.com\/missdarling.art\" target=\"_blank\">\n\t\t\t\t\t\t<span class=\"elementor-screen-only\">Facebook<\/span>\n\t\t\t\t\t\t<i class=\"fab fa-facebook\"><\/i>\t\t\t\t\t<\/a>\n\t\t\t\t<\/span>\n\t\t\t\t\t\t\t<span class=\"elementor-grid-item\">\n\t\t\t\t\t<a class=\"elementor-icon elementor-social-icon elementor-social-icon-instagram elementor-animation-grow elementor-repeater-item-362734a\" href=\"https:\/\/www.instagram.com\/missdarling.art\/\" target=\"_blank\">\n\t\t\t\t\t\t<span class=\"elementor-screen-only\">Instagram<\/span>\n\t\t\t\t\t\t<i class=\"fab fa-instagram\"><\/i>\t\t\t\t\t<\/a>\n\t\t\t\t<\/span>\n\t\t\t\t\t\t\t<span class=\"elementor-grid-item\">\n\t\t\t\t\t<a class=\"elementor-icon elementor-social-icon elementor-social-icon-tiktok elementor-animation-grow elementor-repeater-item-6eaca36\" href=\"https:\/\/www.tiktok.com\/@missdarling.art\" target=\"_blank\">\n\t\t\t\t\t\t<span class=\"elementor-screen-only\">Tiktok<\/span>\n\t\t\t\t\t\t<i class=\"fab fa-tiktok\"><\/i>\t\t\t\t\t<\/a>\n\t\t\t\t<\/span>\n\t\t\t\t\t\t\t<span class=\"elementor-grid-item\">\n\t\t\t\t\t<a class=\"elementor-icon elementor-social-icon elementor-social-icon-behance elementor-animation-grow elementor-repeater-item-c0f93b6\" href=\"https:\/\/www.behance.net\/sascha_nadeau\" target=\"_blank\">\n\t\t\t\t\t\t<span class=\"elementor-screen-only\">Behance<\/span>\n\t\t\t\t\t\t<i class=\"fab fa-behance\"><\/i>\t\t\t\t\t<\/a>\n\t\t\t\t<\/span>\n\t\t\t\t\t\t\t<span class=\"elementor-grid-item\">\n\t\t\t\t\t<a class=\"elementor-icon elementor-social-icon elementor-social-icon-linkedin elementor-animation-grow elementor-repeater-item-e5d521e\" href=\"https:\/\/www.linkedin.com\/in\/saschanadeau\/\" target=\"_blank\">\n\t\t\t\t\t\t<span class=\"elementor-screen-only\">Linkedin<\/span>\n\t\t\t\t\t\t<i class=\"fab fa-linkedin\"><\/i>\t\t\t\t\t<\/a>\n\t\t\t\t<\/span>\n\t\t\t\t\t<\/div>\n\t\t\t\t<\/div>\n\t\t\t\t<\/div>\n\t\t\t\t\t\t<\/div>\n\t\t\t\t\t<\/div>\n\t\t<\/div>\n\t\t\t\t<div class=\"elementor-column elementor-col-50 elementor-top-column elementor-element elementor-element-3b71648\" data-id=\"3b71648\" data-element_type=\"column\">\n\t\t\t<div class=\"elementor-column-wrap elementor-element-populated\">\n\t\t\t\t\t\t\t<div class=\"elementor-widget-wrap\">\n\t\t\t\t\t\t<div class=\"elementor-element elementor-element-50200d6 elementor-widget elementor-widget-gallery\" data-id=\"50200d6\" data-element_type=\"widget\" data-settings=\"{&quot;gallery_layout&quot;:&quot;masonry&quot;,&quot;columns&quot;:2,&quot;lazyload&quot;:&quot;yes&quot;,&quot;columns_tablet&quot;:2,&quot;columns_mobile&quot;:1,&quot;gap&quot;:{&quot;unit&quot;:&quot;px&quot;,&quot;size&quot;:10,&quot;sizes&quot;:[]},&quot;gap_tablet&quot;:{&quot;unit&quot;:&quot;px&quot;,&quot;size&quot;:10,&quot;sizes&quot;:[]},&quot;gap_mobile&quot;:{&quot;unit&quot;:&quot;px&quot;,&quot;size&quot;:10,&quot;sizes&quot;:[]},&quot;overlay_background&quot;:&quot;yes&quot;,&quot;content_hover_animation&quot;:&quot;fade-in&quot;}\" data-widget_type=\"gallery.default\">\n\t\t\t\t<div class=\"elementor-widget-container\">\n\t\t\t\t\t<div class=\"elementor-gallery__container\">\n\t\t\t\t\t\t\t<div class=\"e-gallery-item elementor-gallery-item elementor-animated-content\">\n\t\t\t\t\t<div class=\"e-gallery-image elementor-gallery-item__image\" data-thumbnail=\"https:\/\/saschanadeau.art\/wp-content\/uploads\/2023\/03\/sascha_nadeau_artiste_peintre_quebec_canada-300x200.jpg\" data-width=\"300\" data-height=\"200\" aria-label=\"Photo de l&#039;artiste peintre Sascha Nadeau\" role=\"img\" ><\/div>\n\t\t\t\t\t\t\t\t\t\t\t<div class=\"elementor-gallery-item__overlay\"><\/div>\n\t\t\t\t\t\t\t\t\t\t\t\t\t\t<\/div>\n\t\t\t\t\t\t\t<div class=\"e-gallery-item elementor-gallery-item elementor-animated-content\">\n\t\t\t\t\t<div class=\"e-gallery-image elementor-gallery-item__image\" data-thumbnail=\"https:\/\/saschanadeau.art\/wp-content\/uploads\/2023\/03\/sascha_nadeau_artiste_aquarelle_shroom2-298x300.jpg\" data-width=\"298\" data-height=\"300\" aria-label=\"Oeuvreen aquarelle de l&#039;artiste-peintre Sascha Nadeau - Shroom 2\" role=\"img\" ><\/div>\n\t\t\t\t\t\t\t\t\t\t\t<div class=\"elementor-gallery-item__overlay\"><\/div>\n\t\t\t\t\t\t\t\t\t\t\t\t\t\t<\/div>\n\t\t\t\t\t\t\t<div class=\"e-gallery-item elementor-gallery-item elementor-animated-content\">\n\t\t\t\t\t<div class=\"e-gallery-image elementor-gallery-item__image\" data-thumbnail=\"https:\/\/saschanadeau.art\/wp-content\/uploads\/2023\/03\/sascha_nadeau_artiste_acrylique_lana-300x235.jpg\" data-width=\"300\" data-height=\"235\" aria-label=\"Oeuvre en acrylique de l&#039;artiste-peintre Sascha Nadeau - Lana\" role=\"img\" ><\/div>\n\t\t\t\t\t\t\t\t\t\t\t<div class=\"elementor-gallery-item__overlay\"><\/div>\n\t\t\t\t\t\t\t\t\t\t\t\t\t\t<\/div>\n\t\t\t\t\t\t\t<div class=\"e-gallery-item elementor-gallery-item elementor-animated-content\">\n\t\t\t\t\t<div class=\"e-gallery-image elementor-gallery-item__image\" data-thumbnail=\"https:\/\/saschanadeau.art\/wp-content\/uploads\/2023\/03\/sascha_nadeau_artiste_acrylique_bearlynomore-225x300.jpg\" data-width=\"225\" data-height=\"300\" aria-label=\"Oeuvre en acrylique de l&#039;artiste-peintre Sascha Nadeau - Bear-ly no more\" role=\"img\" ><\/div>\n\t\t\t\t\t\t\t\t\t\t\t<div class=\"elementor-gallery-item__overlay\"><\/div>\n\t\t\t\t\t\t\t\t\t\t\t\t\t\t<\/div>\n\t\t\t\t\t\t\t<div class=\"e-gallery-item elementor-gallery-item elementor-animated-content\">\n\t\t\t\t\t<div class=\"e-gallery-image elementor-gallery-item__image\" data-thumbnail=\"https:\/\/saschanadeau.art\/wp-content\/uploads\/2023\/03\/sascha_nadeau_artiste_techniques_mixtes_feather-298x300.jpg\" data-width=\"298\" data-height=\"300\" aria-label=\"Oeuvre en techniques mixtes de l&#039;artiste-peintre Sascha Nadeau - Feather\" role=\"img\" ><\/div>\n\t\t\t\t\t\t\t\t\t\t\t<div class=\"elementor-gallery-item__overlay\"><\/div>\n\t\t\t\t\t\t\t\t\t\t\t\t\t\t<\/div>\n\t\t\t\t\t<\/div>\n\t\t\t<\/div>\n\t\t\t\t<\/div>\n\t\t\t\t\t\t<\/div>\n\t\t\t\t\t<\/div>\n\t\t<\/div>\n\t\t\t\t\t\t\t\t<\/div>\n\t\t\t\t\t<\/div>\n\t\t<\/section>\n\t\t\t\t\t\t\t\t\t<\/div>\n\t\t\t<\/div>\n\t\t\t\t\t<\/div>","protected":false},"excerpt":{"rendered":"<p>Allo, j&rsquo;\u00e9coute! Que ce soit pour un simple coucou ou pour engendrer la conversation pour une collaboration, je suis de toute ou\u00efe! Venez me dire un coucou ici&#8230; Facebook Instagram Tiktok Behance Linkedin<\/p>","protected":false},"author":1,"featured_media":0,"parent":0,"menu_order":0,"comment_status":"closed","ping_status":"closed","template":"","meta":[],"yoast_head":"<!-- This site is optimized with the Yoast SEO plugin v20.5 - https:\/\/yoast.com\/wordpress\/plugins\/seo\/ -->\n<title>Joindre - Sascha Nadeau<\/title>\n<meta name=\"robots\" content=\"index, follow, max-snippet:-1, max-image-preview:large, max-video-preview:-1\" \/>\n<link rel=\"canonical\" href=\"https:\/\/saschanadeau.art\/en\/joindre\/\" \/>\n<meta property=\"og:locale\" content=\"en_US\" \/>\n<meta property=\"og:type\" content=\"article\" \/>\n<meta property=\"og:title\" content=\"Joindre - Sascha Nadeau\" \/>\n<meta property=\"og:description\" content=\"Allo, j&rsquo;\u00e9coute! Que ce soit pour un simple coucou ou pour engendrer la conversation pour une collaboration, je suis de toute ou\u00efe! Venez me dire un coucou ici&#8230; Facebook Instagram Tiktok Behance Linkedin\" \/>\n<meta property=\"og:url\" content=\"https:\/\/saschanadeau.art\/en\/joindre\/\" \/>\n<meta property=\"og:site_name\" content=\"Sascha Nadeau\" \/>\n<meta property=\"article:publisher\" content=\"https:\/\/www.facebook.com\/saschanadeau.art\" \/>\n<meta property=\"article:modified_time\" content=\"2023-03-29T20:18:12+00:00\" \/>\n<meta name=\"twitter:card\" content=\"summary_large_image\" \/>\n<script type=\"application\/ld+json\" class=\"yoast-schema-graph\">{\"@context\":\"https:\/\/schema.org\",\"@graph\":[{\"@type\":\"WebPage\",\"@id\":\"https:\/\/saschanadeau.art\/joindre\/\",\"url\":\"https:\/\/saschanadeau.art\/joindre\/\",\"name\":\"Joindre - Sascha Nadeau\",\"isPartOf\":{\"@id\":\"https:\/\/saschanadeau.art\/#website\"},\"datePublished\":\"2023-03-13T13:57:58+00:00\",\"dateModified\":\"2023-03-29T20:18:12+00:00\",\"breadcrumb\":{\"@id\":\"https:\/\/saschanadeau.art\/joindre\/#breadcrumb\"},\"inLanguage\":\"en-CA\",\"potentialAction\":[{\"@type\":\"ReadAction\",\"target\":[\"https:\/\/saschanadeau.art\/joindre\/\"]}]},{\"@type\":\"BreadcrumbList\",\"@id\":\"https:\/\/saschanadeau.art\/joindre\/#breadcrumb\",\"itemListElement\":[{\"@type\":\"ListItem\",\"position\":1,\"name\":\"Accueil\",\"item\":\"https:\/\/saschanadeau.art\/\"},{\"@type\":\"ListItem\",\"position\":2,\"name\":\"Joindre\"}]},{\"@type\":\"WebSite\",\"@id\":\"https:\/\/saschanadeau.art\/#website\",\"url\":\"https:\/\/saschanadeau.art\/\",\"name\":\"Sascha Nadeau - Artiste peintre qu\u00e9b\u00e9coise des Laurentides\",\"description\":\"Artiste-peintre qu\u00e9b\u00e9coise des Laurentides\",\"publisher\":{\"@id\":\"https:\/\/saschanadeau.art\/#organization\"},\"potentialAction\":[{\"@type\":\"SearchAction\",\"target\":{\"@type\":\"EntryPoint\",\"urlTemplate\":\"https:\/\/saschanadeau.art\/?s={search_term_string}\"},\"query-input\":\"required name=search_term_string\"}],\"inLanguage\":\"en-CA\"},{\"@type\":\"Organization\",\"@id\":\"https:\/\/saschanadeau.art\/#organization\",\"name\":\"Sascha Nadeau - Artiste-peintre\",\"url\":\"https:\/\/saschanadeau.art\/\",\"logo\":{\"@type\":\"ImageObject\",\"inLanguage\":\"en-CA\",\"@id\":\"https:\/\/saschanadeau.art\/#\/schema\/logo\/image\/\",\"url\":\"https:\/\/saschanadeau.art\/wp-content\/uploads\/2021\/03\/logo_noir_sascha_nadeau_artiste_peintre_quebec_canada.png\",\"contentUrl\":\"https:\/\/saschanadeau.art\/wp-content\/uploads\/2021\/03\/logo_noir_sascha_nadeau_artiste_peintre_quebec_canada.png\",\"width\":800,\"height\":276,\"caption\":\"Sascha Nadeau - Artiste-peintre\"},\"image\":{\"@id\":\"https:\/\/saschanadeau.art\/#\/schema\/logo\/image\/\"},\"sameAs\":[\"https:\/\/www.facebook.com\/saschanadeau.art\",\"https:\/\/www.instagram.com\/saschanadeau.art\/\",\"https:\/\/www.tiktok.com\/@saschanadeau.art\",\"https:\/\/www.youtube.com\/channel\/UC810aYoQUD_D84xO8RU4mUQ\"]}]}<\/script>\n<!-- \/ Yoast SEO plugin. -->","yoast_head_json":{"title":"Joindre - Sascha Nadeau","robots":{"index":"index","follow":"follow","max-snippet":"max-snippet:-1","max-image-preview":"max-image-preview:large","max-video-preview":"max-video-preview:-1"},"canonical":"https:\/\/saschanadeau.art\/en\/joindre\/","og_locale":"en_US","og_type":"article","og_title":"Joindre - Sascha Nadeau","og_description":"Allo, j&rsquo;\u00e9coute! Que ce soit pour un simple coucou ou pour engendrer la conversation pour une collaboration, je suis de toute ou\u00efe! Venez me dire un coucou ici&#8230; Facebook Instagram Tiktok Behance Linkedin","og_url":"https:\/\/saschanadeau.art\/en\/joindre\/","og_site_name":"Sascha Nadeau","article_publisher":"https:\/\/www.facebook.com\/saschanadeau.art","article_modified_time":"2023-03-29T20:18:12+00:00","twitter_card":"summary_large_image","schema":{"@context":"https:\/\/schema.org","@graph":[{"@type":"WebPage","@id":"https:\/\/saschanadeau.art\/joindre\/","url":"https:\/\/saschanadeau.art\/joindre\/","name":"Joindre - Sascha Nadeau","isPartOf":{"@id":"https:\/\/saschanadeau.art\/#website"},"datePublished":"2023-03-13T13:57:58+00:00","dateModified":"2023-03-29T20:18:12+00:00","breadcrumb":{"@id":"https:\/\/saschanadeau.art\/joindre\/#breadcrumb"},"inLanguage":"en-CA","potentialAction":[{"@type":"ReadAction","target":["https:\/\/saschanadeau.art\/joindre\/"]}]},{"@type":"BreadcrumbList","@id":"https:\/\/saschanadeau.art\/joindre\/#breadcrumb","itemListElement":[{"@type":"ListItem","position":1,"name":"Accueil","item":"https:\/\/saschanadeau.art\/"},{"@type":"ListItem","position":2,"name":"Joindre"}]},{"@type":"WebSite","@id":"https:\/\/saschanadeau.art\/#website","url":"https:\/\/saschanadeau.art\/","name":"Sascha Nadeau - Artiste peintre qu\u00e9b\u00e9coise des Laurentides","description":"Artiste-peintre qu\u00e9b\u00e9coise des Laurentides","publisher":{"@id":"https:\/\/saschanadeau.art\/#organization"},"potentialAction":[{"@type":"SearchAction","target":{"@type":"EntryPoint","urlTemplate":"https:\/\/saschanadeau.art\/?s={search_term_string}"},"query-input":"required name=search_term_string"}],"inLanguage":"en-CA"},{"@type":"Organization","@id":"https:\/\/saschanadeau.art\/#organization","name":"Sascha Nadeau - Artiste-peintre","url":"https:\/\/saschanadeau.art\/","logo":{"@type":"ImageObject","inLanguage":"en-CA","@id":"https:\/\/saschanadeau.art\/#\/schema\/logo\/image\/","url":"https:\/\/saschanadeau.art\/wp-content\/uploads\/2021\/03\/logo_noir_sascha_nadeau_artiste_peintre_quebec_canada.png","contentUrl":"https:\/\/saschanadeau.art\/wp-content\/uploads\/2021\/03\/logo_noir_sascha_nadeau_artiste_peintre_quebec_canada.png","width":800,"height":276,"caption":"Sascha Nadeau - Artiste-peintre"},"image":{"@id":"https:\/\/saschanadeau.art\/#\/schema\/logo\/image\/"},"sameAs":["https:\/\/www.facebook.com\/saschanadeau.art","https:\/\/www.instagram.com\/saschanadeau.art\/","https:\/\/www.tiktok.com\/@saschanadeau.art","https:\/\/www.youtube.com\/channel\/UC810aYoQUD_D84xO8RU4mUQ"]}]}},"_links":{"self":[{"href":"https:\/\/saschanadeau.art\/en\/wp-json\/wp\/v2\/pages\/7815"}],"collection":[{"href":"https:\/\/saschanadeau.art\/en\/wp-json\/wp\/v2\/pages"}],"about":[{"href":"https:\/\/saschanadeau.art\/en\/wp-json\/wp\/v2\/types\/page"}],"author":[{"embeddable":true,"href":"https:\/\/saschanadeau.art\/en\/wp-json\/wp\/v2\/users\/1"}],"replies":[{"embeddable":true,"href":"https:\/\/saschanadeau.art\/en\/wp-json\/wp\/v2\/comments?post=7815"}],"version-history":[{"count":31,"href":"https:\/\/saschanadeau.art\/en\/wp-json\/wp\/v2\/pages\/7815\/revisions"}],"predecessor-version":[{"id":8868,"href":"https:\/\/saschanadeau.art\/en\/wp-json\/wp\/v2\/pages\/7815\/revisions\/8868"}],"wp:attachment":[{"href":"https:\/\/saschanadeau.art\/en\/wp-json\/wp\/v2\/media?parent=7815"}],"curies":[{"name":"wp","href":"https:\/\/api.w.org\/{rel}","templated":true}]}}