{"id":7743,"date":"2023-03-11T19:07:24","date_gmt":"2023-03-12T00:07:24","guid":{"rendered":"https:\/\/saschanadeau.art\/?page_id=7743"},"modified":"2023-04-15T13:55:01","modified_gmt":"2023-04-15T17:55:01","slug":"oeuvres-sur-mesure","status":"publish","type":"page","link":"https:\/\/saschanadeau.art\/en\/oeuvres-sur-mesure\/","title":{"rendered":"Oeuvres sur mesure"},"content":{"rendered":"<div data-elementor-type=\"wp-page\" data-elementor-id=\"7743\" class=\"elementor elementor-7743\">\n\t\t\t\t\t\t<div class=\"elementor-inner\">\n\t\t\t\t<div class=\"elementor-section-wrap\">\n\t\t\t\t\t\t\t\t\t<section class=\"elementor-section elementor-top-section elementor-element elementor-element-7047af4 elementor-section-boxed elementor-section-height-default elementor-section-height-default\" data-id=\"7047af4\" data-element_type=\"section\">\n\t\t\t\t\t\t<div class=\"elementor-container elementor-column-gap-default\">\n\t\t\t\t\t\t\t<div class=\"elementor-row\">\n\t\t\t\t\t<div class=\"elementor-column elementor-col-50 elementor-top-column elementor-element elementor-element-81bace7\" data-id=\"81bace7\" data-element_type=\"column\">\n\t\t\t<div class=\"elementor-column-wrap elementor-element-populated\">\n\t\t\t\t\t\t\t<div class=\"elementor-widget-wrap\">\n\t\t\t\t\t\t<div class=\"elementor-element elementor-element-c9ccefb elementor-widget elementor-widget-image\" data-id=\"c9ccefb\" data-element_type=\"widget\" data-widget_type=\"image.default\">\n\t\t\t\t<div class=\"elementor-widget-container\">\n\t\t\t\t\t\t\t\t<div class=\"elementor-image\">\n\t\t\t\t\t\t\t\t\t\t\t\t<img decoding=\"async\" width=\"768\" height=\"538\" src=\"https:\/\/saschanadeau.art\/wp-content\/uploads\/2023\/03\/322332017_1497476320743553_8538483075948068914_n-768x538.jpg\" class=\"attachment-medium_large size-medium_large wp-image-7930\" alt=\"Photo de Lana le chien\" loading=\"lazy\" srcset=\"https:\/\/saschanadeau.art\/wp-content\/uploads\/2023\/03\/322332017_1497476320743553_8538483075948068914_n-768x538.jpg 768w, https:\/\/saschanadeau.art\/wp-content\/uploads\/2023\/03\/322332017_1497476320743553_8538483075948068914_n-300x210.jpg 300w, https:\/\/saschanadeau.art\/wp-content\/uploads\/2023\/03\/322332017_1497476320743553_8538483075948068914_n-1024x717.jpg 1024w, https:\/\/saschanadeau.art\/wp-content\/uploads\/2023\/03\/322332017_1497476320743553_8538483075948068914_n-600x420.jpg 600w, https:\/\/saschanadeau.art\/wp-content\/uploads\/2023\/03\/322332017_1497476320743553_8538483075948068914_n.jpg 1536w\" sizes=\"(max-width: 768px) 100vw, 768px\" \/>\t\t\t\t\t\t\t\t\t\t\t\t\t\t<\/div>\n\t\t\t\t\t\t<\/div>\n\t\t\t\t<\/div>\n\t\t\t\t<div class=\"elementor-element elementor-element-d98f5be elementor-widget elementor-widget-image\" data-id=\"d98f5be\" data-element_type=\"widget\" data-widget_type=\"image.default\">\n\t\t\t\t<div class=\"elementor-widget-container\">\n\t\t\t\t\t\t\t\t<div class=\"elementor-image\">\n\t\t\t\t\t\t\t\t\t\t\t\t<img decoding=\"async\" width=\"768\" height=\"601\" src=\"https:\/\/saschanadeau.art\/wp-content\/uploads\/2023\/03\/sascha_nadeau_artiste_acrylique_lana-768x601.jpg\" class=\"attachment-medium_large size-medium_large wp-image-8497\" alt=\"Oeuvre en acrylique de l&#039;artiste-peintre Sascha Nadeau - Lana\" loading=\"lazy\" srcset=\"https:\/\/saschanadeau.art\/wp-content\/uploads\/2023\/03\/sascha_nadeau_artiste_acrylique_lana-768x601.jpg 768w, https:\/\/saschanadeau.art\/wp-content\/uploads\/2023\/03\/sascha_nadeau_artiste_acrylique_lana-300x235.jpg 300w, https:\/\/saschanadeau.art\/wp-content\/uploads\/2023\/03\/sascha_nadeau_artiste_acrylique_lana-600x469.jpg 600w, https:\/\/saschanadeau.art\/wp-content\/uploads\/2023\/03\/sascha_nadeau_artiste_acrylique_lana.jpg 1000w\" sizes=\"(max-width: 768px) 100vw, 768px\" \/>\t\t\t\t\t\t\t\t\t\t\t\t\t\t<\/div>\n\t\t\t\t\t\t<\/div>\n\t\t\t\t<\/div>\n\t\t\t\t\t\t<\/div>\n\t\t\t\t\t<\/div>\n\t\t<\/div>\n\t\t\t\t<div class=\"elementor-column elementor-col-50 elementor-top-column elementor-element elementor-element-dc54b3e\" data-id=\"dc54b3e\" data-element_type=\"column\">\n\t\t\t<div class=\"elementor-column-wrap elementor-element-populated\">\n\t\t\t\t\t\t\t<div class=\"elementor-widget-wrap\">\n\t\t\t\t\t\t<div class=\"elementor-element elementor-element-ce1d086 elementor-widget elementor-widget-heading\" data-id=\"ce1d086\" data-element_type=\"widget\" data-widget_type=\"heading.default\">\n\t\t\t\t<div class=\"elementor-widget-container\">\n\t\t\t<h2 class=\"elementor-heading-title elementor-size-default\">Commandes sp\u00e9ciales<\/h2>\t\t<\/div>\n\t\t\t\t<\/div>\n\t\t\t\t<div class=\"elementor-element elementor-element-bc9cc27 elementor-widget elementor-widget-text-editor\" data-id=\"bc9cc27\" data-element_type=\"widget\" data-widget_type=\"text-editor.default\">\n\t\t\t\t<div class=\"elementor-widget-container\">\n\t\t\t\t\t\t\t\t<div class=\"elementor-text-editor elementor-clearfix\">\n\t\t\t\t<p>Si vous cherchez \u00e0 capturer un moment doux et le transformer en une \u0153uvre d&rsquo;art intemporelle, vous \u00eates au bon endroit. Que ce soit une personne, un animal, une ambiance ou une \u00e9motion que vous souhaitez immortaliser, je suis l\u00e0 pour donner vie \u00e0 votre vision. Mes toiles sont con\u00e7ues pour s&rsquo;harmoniser parfaitement avec votre d\u00e9cor, afin que vous puissiez profiter pleinement de votre cr\u00e9ation.<\/p><p>N&rsquo;h\u00e9sitez pas \u00e0 me contacter d\u00e8s maintenant pour commencer \u00e0 travailler ensemble sur votre projet.<\/p>\t\t\t\t\t<\/div>\n\t\t\t\t\t\t<\/div>\n\t\t\t\t<\/div>\n\t\t\t\t<div class=\"elementor-element elementor-element-81c03a5 elementor-button-align-center elementor-widget elementor-widget-form\" data-id=\"81c03a5\" data-element_type=\"widget\" data-settings=\"{&quot;step_next_label&quot;:&quot;Suivant&quot;,&quot;step_previous_label&quot;:&quot;Pr\\u00e9c\\u00e9dent&quot;,&quot;button_width&quot;:&quot;100&quot;,&quot;step_type&quot;:&quot;number_text&quot;,&quot;step_icon_shape&quot;:&quot;circle&quot;}\" data-widget_type=\"form.default\">\n\t\t\t\t<div class=\"elementor-widget-container\">\n\t\t\t\t\t<form class=\"elementor-form\" method=\"post\" name=\"commandes speciales\" action=\"\">\n\t\t\t<input type=\"hidden\" name=\"post_id\" value=\"7743\"\/>\n\t\t\t<input type=\"hidden\" name=\"form_id\" value=\"81c03a5\"\/>\n\t\t\t<input type=\"hidden\" name=\"referer_title\" value=\"Sascha Nadeau\" \/>\n\n\t\t\t\n\t\t\t<div class=\"elementor-form-fields-wrapper elementor-labels-\">\n\t\t\t\t\t\t\t\t<div class=\"elementor-field-type-text elementor-field-group elementor-column elementor-field-group-name elementor-col-100\">\n\t\t\t\t\t\t\t\t\t\t\t\t<label for=\"form-field-name\" class=\"elementor-field-label elementor-screen-only\">\n\t\t\t\t\t\t\t\tNom\t\t\t\t\t\t\t<\/label>\n\t\t\t\t\t\t\t\t\t\t\t\t\t\t<input size=\"1\" type=\"text\" name=\"form_fields[name]\" id=\"form-field-name\" class=\"elementor-field elementor-size-sm  elementor-field-textual\" placeholder=\"Nom\">\n\t\t\t\t\t\t\t\t\t\t\t<\/div>\n\t\t\t\t\t\t\t\t<div class=\"elementor-field-type-email elementor-field-group elementor-column elementor-field-group-email elementor-col-100 elementor-field-required\">\n\t\t\t\t\t\t\t\t\t\t\t\t<label for=\"form-field-email\" class=\"elementor-field-label elementor-screen-only\">\n\t\t\t\t\t\t\t\tCourriel\t\t\t\t\t\t\t<\/label>\n\t\t\t\t\t\t\t\t\t\t\t\t\t\t<input size=\"1\" type=\"email\" name=\"form_fields[email]\" id=\"form-field-email\" class=\"elementor-field elementor-size-sm  elementor-field-textual\" placeholder=\"Courriel\" required=\"required\" aria-required=\"true\">\n\t\t\t\t\t\t\t\t\t\t\t<\/div>\n\t\t\t\t\t\t\t\t<div class=\"elementor-field-type-textarea elementor-field-group elementor-column elementor-field-group-message elementor-col-100\">\n\t\t\t\t\t\t\t\t\t\t\t\t<label for=\"form-field-message\" class=\"elementor-field-label elementor-screen-only\">\n\t\t\t\t\t\t\t\tMessage\t\t\t\t\t\t\t<\/label>\n\t\t\t\t\t\t<textarea class=\"elementor-field-textual elementor-field  elementor-size-sm\" name=\"form_fields[message]\" id=\"form-field-message\" rows=\"4\" placeholder=\"Message\"><\/textarea>\t\t\t\t<\/div>\n\t\t\t\t\t\t\t\t<div class=\"elementor-field-type-recaptcha_v3 elementor-field-group elementor-column elementor-field-group-field_d1da934 elementor-col-100 recaptcha_v3-bottomright\">\n\t\t\t\t\t<div class=\"elementor-field\" id=\"form-field-field_d1da934\"><div class=\"elementor-g-recaptcha\" data-sitekey=\"6LeC2_okAAAAAEtgHObwVdJpTn1Xgxa0sCWZe5tZ\" data-type=\"v3\" data-action=\"Form\" data-badge=\"bottomright\" data-size=\"invisible\"><\/div><\/div>\t\t\t\t<\/div>\n\t\t\t\t\t\t\t\t<div class=\"elementor-field-group elementor-column elementor-field-type-submit elementor-col-100 e-form__buttons\">\n\t\t\t\t\t<button type=\"submit\" class=\"elementor-button elementor-size-xs\">\n\t\t\t\t\t\t<span >\n\t\t\t\t\t\t\t\t\t\t\t\t\t\t\t<span class=\"elementor-button-icon\">\n\t\t\t\t\t\t\t\t\t\t\t\t\t\t\t\t\t\t\t\t\t\t\t\t\t\t<\/span>\n\t\t\t\t\t\t\t\t\t\t\t\t\t\t\t\t\t\t\t\t\t\t<span class=\"elementor-button-text\">Envoyer<\/span>\n\t\t\t\t\t\t\t\t\t\t\t\t\t<\/span>\n\t\t\t\t\t<\/button>\n\t\t\t\t<\/div>\n\t\t\t<\/div>\n\t\t<input type=\"hidden\" name=\"trp-form-language\" value=\"en\"\/><\/form>\n\t\t\t\t<\/div>\n\t\t\t\t<\/div>\n\t\t\t\t\t\t<\/div>\n\t\t\t\t\t<\/div>\n\t\t<\/div>\n\t\t\t\t\t\t\t\t<\/div>\n\t\t\t\t\t<\/div>\n\t\t<\/section>\n\t\t\t\t\t\t\t\t\t<\/div>\n\t\t\t<\/div>\n\t\t\t\t\t<\/div>","protected":false},"excerpt":{"rendered":"<p>Commandes sp\u00e9ciales Si vous cherchez \u00e0 capturer un moment doux et le transformer en une \u0153uvre d&rsquo;art intemporelle, vous \u00eates au bon endroit. Que ce soit une personne, un animal, une ambiance ou une \u00e9motion que vous souhaitez immortaliser, je suis l\u00e0 pour donner vie \u00e0 votre vision. Mes toiles sont con\u00e7ues pour s&rsquo;harmoniser parfaitement [&hellip;]<\/p>","protected":false},"author":1,"featured_media":0,"parent":0,"menu_order":0,"comment_status":"closed","ping_status":"closed","template":"","meta":[],"yoast_head":"<!-- This site is optimized with the Yoast SEO plugin v20.5 - https:\/\/yoast.com\/wordpress\/plugins\/seo\/ -->\n<title>Oeuvres sur mesure - Sascha Nadeau<\/title>\n<meta name=\"robots\" content=\"index, follow, max-snippet:-1, max-image-preview:large, max-video-preview:-1\" \/>\n<link rel=\"canonical\" href=\"https:\/\/saschanadeau.art\/en\/oeuvres-sur-mesure\/\" \/>\n<meta property=\"og:locale\" content=\"en_US\" \/>\n<meta property=\"og:type\" content=\"article\" \/>\n<meta property=\"og:title\" content=\"Oeuvres sur mesure - Sascha Nadeau\" \/>\n<meta property=\"og:description\" content=\"Commandes sp\u00e9ciales Si vous cherchez \u00e0 capturer un moment doux et le transformer en une \u0153uvre d&rsquo;art intemporelle, vous \u00eates au bon endroit. Que ce soit une personne, un animal, une ambiance ou une \u00e9motion que vous souhaitez immortaliser, je suis l\u00e0 pour donner vie \u00e0 votre vision. Mes toiles sont con\u00e7ues pour s&rsquo;harmoniser parfaitement [&hellip;]\" \/>\n<meta property=\"og:url\" content=\"https:\/\/saschanadeau.art\/en\/oeuvres-sur-mesure\/\" \/>\n<meta property=\"og:site_name\" content=\"Sascha Nadeau\" \/>\n<meta property=\"article:publisher\" content=\"https:\/\/www.facebook.com\/saschanadeau.art\" \/>\n<meta property=\"article:modified_time\" content=\"2023-04-15T17:55:01+00:00\" \/>\n<meta property=\"og:image\" content=\"http:\/\/saschanadeau.art\/wp-content\/uploads\/2023\/03\/322332017_1497476320743553_8538483075948068914_n-768x538.jpg\" \/>\n<meta name=\"twitter:card\" content=\"summary_large_image\" \/>\n<meta name=\"twitter:label1\" content=\"Est. reading time\" \/>\n\t<meta name=\"twitter:data1\" content=\"1 minute\" \/>\n<script type=\"application\/ld+json\" class=\"yoast-schema-graph\">{\"@context\":\"https:\/\/schema.org\",\"@graph\":[{\"@type\":\"WebPage\",\"@id\":\"https:\/\/saschanadeau.art\/oeuvres-sur-mesure\/\",\"url\":\"https:\/\/saschanadeau.art\/oeuvres-sur-mesure\/\",\"name\":\"Oeuvres sur mesure - Sascha Nadeau\",\"isPartOf\":{\"@id\":\"https:\/\/saschanadeau.art\/#website\"},\"datePublished\":\"2023-03-12T00:07:24+00:00\",\"dateModified\":\"2023-04-15T17:55:01+00:00\",\"breadcrumb\":{\"@id\":\"https:\/\/saschanadeau.art\/oeuvres-sur-mesure\/#breadcrumb\"},\"inLanguage\":\"en-CA\",\"potentialAction\":[{\"@type\":\"ReadAction\",\"target\":[\"https:\/\/saschanadeau.art\/oeuvres-sur-mesure\/\"]}]},{\"@type\":\"BreadcrumbList\",\"@id\":\"https:\/\/saschanadeau.art\/oeuvres-sur-mesure\/#breadcrumb\",\"itemListElement\":[{\"@type\":\"ListItem\",\"position\":1,\"name\":\"Accueil\",\"item\":\"https:\/\/saschanadeau.art\/\"},{\"@type\":\"ListItem\",\"position\":2,\"name\":\"Oeuvres sur mesure\"}]},{\"@type\":\"WebSite\",\"@id\":\"https:\/\/saschanadeau.art\/#website\",\"url\":\"https:\/\/saschanadeau.art\/\",\"name\":\"Sascha Nadeau - Artiste peintre qu\u00e9b\u00e9coise des Laurentides\",\"description\":\"Artiste-peintre qu\u00e9b\u00e9coise des Laurentides\",\"publisher\":{\"@id\":\"https:\/\/saschanadeau.art\/#organization\"},\"potentialAction\":[{\"@type\":\"SearchAction\",\"target\":{\"@type\":\"EntryPoint\",\"urlTemplate\":\"https:\/\/saschanadeau.art\/?s={search_term_string}\"},\"query-input\":\"required name=search_term_string\"}],\"inLanguage\":\"en-CA\"},{\"@type\":\"Organization\",\"@id\":\"https:\/\/saschanadeau.art\/#organization\",\"name\":\"Sascha Nadeau - Artiste-peintre\",\"url\":\"https:\/\/saschanadeau.art\/\",\"logo\":{\"@type\":\"ImageObject\",\"inLanguage\":\"en-CA\",\"@id\":\"https:\/\/saschanadeau.art\/#\/schema\/logo\/image\/\",\"url\":\"https:\/\/saschanadeau.art\/wp-content\/uploads\/2021\/03\/logo_noir_sascha_nadeau_artiste_peintre_quebec_canada.png\",\"contentUrl\":\"https:\/\/saschanadeau.art\/wp-content\/uploads\/2021\/03\/logo_noir_sascha_nadeau_artiste_peintre_quebec_canada.png\",\"width\":800,\"height\":276,\"caption\":\"Sascha Nadeau - Artiste-peintre\"},\"image\":{\"@id\":\"https:\/\/saschanadeau.art\/#\/schema\/logo\/image\/\"},\"sameAs\":[\"https:\/\/www.facebook.com\/saschanadeau.art\",\"https:\/\/www.instagram.com\/saschanadeau.art\/\",\"https:\/\/www.tiktok.com\/@saschanadeau.art\",\"https:\/\/www.youtube.com\/channel\/UC810aYoQUD_D84xO8RU4mUQ\"]}]}<\/script>\n<!-- \/ Yoast SEO plugin. -->","yoast_head_json":{"title":"Oeuvres sur mesure - Sascha Nadeau","robots":{"index":"index","follow":"follow","max-snippet":"max-snippet:-1","max-image-preview":"max-image-preview:large","max-video-preview":"max-video-preview:-1"},"canonical":"https:\/\/saschanadeau.art\/en\/oeuvres-sur-mesure\/","og_locale":"en_US","og_type":"article","og_title":"Oeuvres sur mesure - Sascha Nadeau","og_description":"Commandes sp\u00e9ciales Si vous cherchez \u00e0 capturer un moment doux et le transformer en une \u0153uvre d&rsquo;art intemporelle, vous \u00eates au bon endroit. Que ce soit une personne, un animal, une ambiance ou une \u00e9motion que vous souhaitez immortaliser, je suis l\u00e0 pour donner vie \u00e0 votre vision. Mes toiles sont con\u00e7ues pour s&rsquo;harmoniser parfaitement [&hellip;]","og_url":"https:\/\/saschanadeau.art\/en\/oeuvres-sur-mesure\/","og_site_name":"Sascha Nadeau","article_publisher":"https:\/\/www.facebook.com\/saschanadeau.art","article_modified_time":"2023-04-15T17:55:01+00:00","og_image":[{"url":"http:\/\/saschanadeau.art\/wp-content\/uploads\/2023\/03\/322332017_1497476320743553_8538483075948068914_n-768x538.jpg"}],"twitter_card":"summary_large_image","twitter_misc":{"Est. reading time":"1 minute"},"schema":{"@context":"https:\/\/schema.org","@graph":[{"@type":"WebPage","@id":"https:\/\/saschanadeau.art\/oeuvres-sur-mesure\/","url":"https:\/\/saschanadeau.art\/oeuvres-sur-mesure\/","name":"Oeuvres sur mesure - Sascha Nadeau","isPartOf":{"@id":"https:\/\/saschanadeau.art\/#website"},"datePublished":"2023-03-12T00:07:24+00:00","dateModified":"2023-04-15T17:55:01+00:00","breadcrumb":{"@id":"https:\/\/saschanadeau.art\/oeuvres-sur-mesure\/#breadcrumb"},"inLanguage":"en-CA","potentialAction":[{"@type":"ReadAction","target":["https:\/\/saschanadeau.art\/oeuvres-sur-mesure\/"]}]},{"@type":"BreadcrumbList","@id":"https:\/\/saschanadeau.art\/oeuvres-sur-mesure\/#breadcrumb","itemListElement":[{"@type":"ListItem","position":1,"name":"Accueil","item":"https:\/\/saschanadeau.art\/"},{"@type":"ListItem","position":2,"name":"Oeuvres sur mesure"}]},{"@type":"WebSite","@id":"https:\/\/saschanadeau.art\/#website","url":"https:\/\/saschanadeau.art\/","name":"Sascha Nadeau - Artiste peintre qu\u00e9b\u00e9coise des Laurentides","description":"Artiste-peintre qu\u00e9b\u00e9coise des Laurentides","publisher":{"@id":"https:\/\/saschanadeau.art\/#organization"},"potentialAction":[{"@type":"SearchAction","target":{"@type":"EntryPoint","urlTemplate":"https:\/\/saschanadeau.art\/?s={search_term_string}"},"query-input":"required name=search_term_string"}],"inLanguage":"en-CA"},{"@type":"Organization","@id":"https:\/\/saschanadeau.art\/#organization","name":"Sascha Nadeau - Artiste-peintre","url":"https:\/\/saschanadeau.art\/","logo":{"@type":"ImageObject","inLanguage":"en-CA","@id":"https:\/\/saschanadeau.art\/#\/schema\/logo\/image\/","url":"https:\/\/saschanadeau.art\/wp-content\/uploads\/2021\/03\/logo_noir_sascha_nadeau_artiste_peintre_quebec_canada.png","contentUrl":"https:\/\/saschanadeau.art\/wp-content\/uploads\/2021\/03\/logo_noir_sascha_nadeau_artiste_peintre_quebec_canada.png","width":800,"height":276,"caption":"Sascha Nadeau - Artiste-peintre"},"image":{"@id":"https:\/\/saschanadeau.art\/#\/schema\/logo\/image\/"},"sameAs":["https:\/\/www.facebook.com\/saschanadeau.art","https:\/\/www.instagram.com\/saschanadeau.art\/","https:\/\/www.tiktok.com\/@saschanadeau.art","https:\/\/www.youtube.com\/channel\/UC810aYoQUD_D84xO8RU4mUQ"]}]}},"_links":{"self":[{"href":"https:\/\/saschanadeau.art\/en\/wp-json\/wp\/v2\/pages\/7743"}],"collection":[{"href":"https:\/\/saschanadeau.art\/en\/wp-json\/wp\/v2\/pages"}],"about":[{"href":"https:\/\/saschanadeau.art\/en\/wp-json\/wp\/v2\/types\/page"}],"author":[{"embeddable":true,"href":"https:\/\/saschanadeau.art\/en\/wp-json\/wp\/v2\/users\/1"}],"replies":[{"embeddable":true,"href":"https:\/\/saschanadeau.art\/en\/wp-json\/wp\/v2\/comments?post=7743"}],"version-history":[{"count":52,"href":"https:\/\/saschanadeau.art\/en\/wp-json\/wp\/v2\/pages\/7743\/revisions"}],"predecessor-version":[{"id":9042,"href":"https:\/\/saschanadeau.art\/en\/wp-json\/wp\/v2\/pages\/7743\/revisions\/9042"}],"wp:attachment":[{"href":"https:\/\/saschanadeau.art\/en\/wp-json\/wp\/v2\/media?parent=7743"}],"curies":[{"name":"wp","href":"https:\/\/api.w.org\/{rel}","templated":true}]}}